{"id":1133,"date":"2025-12-09T14:43:13","date_gmt":"2025-12-09T14:43:13","guid":{"rendered":"https:\/\/agenda.cymru\/cyswllt\/"},"modified":"2026-03-26T08:34:14","modified_gmt":"2026-03-26T08:34:14","slug":"cyswllt","status":"publish","type":"page","link":"https:\/\/agenda.cymru\/cy\/cyswllt\/","title":{"rendered":"Cyswllt"},"content":{"rendered":"","protected":false},"excerpt":{"rendered":"","protected":false},"author":1,"featured_media":581,"parent":0,"menu_order":0,"comment_status":"closed","ping_status":"closed","template":"templates\/template-contact.php","meta":{"_acf_changed":false,"footnotes":""},"class_list":["post-1133","page","type-page","status-publish","has-post-thumbnail","hentry"],"acf":[],"yoast_head":"<!-- This site is optimized with the Yoast SEO plugin v27.2 - https:\/\/yoast.com\/product\/yoast-seo-wordpress\/ -->\n<title>Cyswllt - Agenda<\/title>\n<meta name=\"description\" content=\"Byddem wrth ein bodd yn clywed gennych. Cysylltwch \u00e2&#039;n t\u00eem cyfeillgar a byddwn yn cysylltu&#039;n \u00f4l \u00e2 chi cyn gynted \u00e2 phosibl.\" \/>\n<meta name=\"robots\" content=\"index, follow, max-snippet:-1, max-image-preview:large, max-video-preview:-1\" \/>\n<link rel=\"canonical\" href=\"https:\/\/agenda.cymru\/cy\/cyswllt\/\" \/>\n<meta property=\"og:locale\" content=\"cy_GB\" \/>\n<meta property=\"og:type\" content=\"article\" \/>\n<meta property=\"og:title\" content=\"Cyswllt - Agenda\" \/>\n<meta property=\"og:description\" content=\"Byddem wrth ein bodd yn clywed gennych. Cysylltwch \u00e2&#039;n t\u00eem cyfeillgar a byddwn yn cysylltu&#039;n \u00f4l \u00e2 chi cyn gynted \u00e2 phosibl.\" \/>\n<meta property=\"og:url\" content=\"https:\/\/agenda.cymru\/cy\/cyswllt\/\" \/>\n<meta property=\"og:site_name\" content=\"Agenda\" \/>\n<meta property=\"article:modified_time\" content=\"2026-03-26T08:34:14+00:00\" \/>\n<meta property=\"og:image\" content=\"https:\/\/agenda.cymru\/wp-content\/uploads\/2026\/01\/healthy-travel-hero.jpg\" \/>\n\t<meta property=\"og:image:width\" content=\"2000\" \/>\n\t<meta property=\"og:image:height\" content=\"1205\" \/>\n\t<meta property=\"og:image:type\" content=\"image\/jpeg\" \/>\n<meta name=\"twitter:card\" content=\"summary_large_image\" \/>\n<script type=\"application\/ld+json\" class=\"yoast-schema-graph\">{\"@context\":\"https:\/\/schema.org\",\"@graph\":[{\"@type\":\"WebPage\",\"@id\":\"https:\/\/agenda.cymru\/cy\/cyswllt\/\",\"url\":\"https:\/\/agenda.cymru\/cy\/cyswllt\/\",\"name\":\"Cyswllt - Agenda\",\"isPartOf\":{\"@id\":\"https:\/\/agenda.cymru\/cy\/#website\"},\"primaryImageOfPage\":{\"@id\":\"https:\/\/agenda.cymru\/cy\/cyswllt\/#primaryimage\"},\"image\":{\"@id\":\"https:\/\/agenda.cymru\/cy\/cyswllt\/#primaryimage\"},\"thumbnailUrl\":\"https:\/\/agenda.cymru\/wp-content\/uploads\/2026\/01\/healthy-travel-hero.jpg\",\"datePublished\":\"2025-12-09T14:43:13+00:00\",\"dateModified\":\"2026-03-26T08:34:14+00:00\",\"description\":\"Byddem wrth ein bodd yn clywed gennych. Cysylltwch \u00e2'n t\u00eem cyfeillgar a byddwn yn cysylltu'n \u00f4l \u00e2 chi cyn gynted \u00e2 phosibl.\",\"breadcrumb\":{\"@id\":\"https:\/\/agenda.cymru\/cy\/cyswllt\/#breadcrumb\"},\"inLanguage\":\"cy-GB\",\"potentialAction\":[{\"@type\":\"ReadAction\",\"target\":[\"https:\/\/agenda.cymru\/cy\/cyswllt\/\"]}]},{\"@type\":\"ImageObject\",\"inLanguage\":\"cy-GB\",\"@id\":\"https:\/\/agenda.cymru\/cy\/cyswllt\/#primaryimage\",\"url\":\"https:\/\/agenda.cymru\/wp-content\/uploads\/2026\/01\/healthy-travel-hero.jpg\",\"contentUrl\":\"https:\/\/agenda.cymru\/wp-content\/uploads\/2026\/01\/healthy-travel-hero.jpg\",\"width\":2000,\"height\":1205,\"caption\":\"Mae gr\u0175p o wyth o bobl yn sefyll dan do, rhai yn dal tystysgrif fawr. Mae baneri hyrwyddo a bwrdd gyda phapurau i'w gweld yn y cefndir.\"},{\"@type\":\"BreadcrumbList\",\"@id\":\"https:\/\/agenda.cymru\/cy\/cyswllt\/#breadcrumb\",\"itemListElement\":[{\"@type\":\"ListItem\",\"position\":1,\"name\":\"Home\",\"item\":\"https:\/\/agenda.cymru\/cy\/cartref\/\"},{\"@type\":\"ListItem\",\"position\":2,\"name\":\"Cyswllt\"}]},{\"@type\":\"WebSite\",\"@id\":\"https:\/\/agenda.cymru\/cy\/#website\",\"url\":\"https:\/\/agenda.cymru\/cy\/\",\"name\":\"Agenda\",\"description\":\"\",\"publisher\":{\"@id\":\"https:\/\/agenda.cymru\/cy\/#organization\"},\"potentialAction\":[{\"@type\":\"SearchAction\",\"target\":{\"@type\":\"EntryPoint\",\"urlTemplate\":\"https:\/\/agenda.cymru\/cy\/?s={search_term_string}\"},\"query-input\":{\"@type\":\"PropertyValueSpecification\",\"valueRequired\":true,\"valueName\":\"search_term_string\"}}],\"inLanguage\":\"cy-GB\"},{\"@type\":\"Organization\",\"@id\":\"https:\/\/agenda.cymru\/cy\/#organization\",\"name\":\"Agenda\",\"url\":\"https:\/\/agenda.cymru\/cy\/\",\"logo\":{\"@type\":\"ImageObject\",\"inLanguage\":\"cy-GB\",\"@id\":\"https:\/\/agenda.cymru\/cy\/#\/schema\/logo\/image\/\",\"url\":\"https:\/\/agenda.cymru\/wp-content\/uploads\/2026\/01\/Logo-scaled.png\",\"contentUrl\":\"https:\/\/agenda.cymru\/wp-content\/uploads\/2026\/01\/Logo-scaled.png\",\"width\":2560,\"height\":2560,\"caption\":\"Agenda\"},\"image\":{\"@id\":\"https:\/\/agenda.cymru\/cy\/#\/schema\/logo\/image\/\"}}]}<\/script>\n<!-- \/ Yoast SEO plugin. -->","yoast_head_json":{"title":"Cyswllt - Agenda","description":"Byddem wrth ein bodd yn clywed gennych. Cysylltwch \u00e2'n t\u00eem cyfeillgar a byddwn yn cysylltu'n \u00f4l \u00e2 chi cyn gynted \u00e2 phosibl.","robots":{"index":"index","follow":"follow","max-snippet":"max-snippet:-1","max-image-preview":"max-image-preview:large","max-video-preview":"max-video-preview:-1"},"canonical":"https:\/\/agenda.cymru\/cy\/cyswllt\/","og_locale":"cy_GB","og_type":"article","og_title":"Cyswllt - Agenda","og_description":"Byddem wrth ein bodd yn clywed gennych. Cysylltwch \u00e2'n t\u00eem cyfeillgar a byddwn yn cysylltu'n \u00f4l \u00e2 chi cyn gynted \u00e2 phosibl.","og_url":"https:\/\/agenda.cymru\/cy\/cyswllt\/","og_site_name":"Agenda","article_modified_time":"2026-03-26T08:34:14+00:00","og_image":[{"width":2000,"height":1205,"url":"https:\/\/agenda.cymru\/wp-content\/uploads\/2026\/01\/healthy-travel-hero.jpg","type":"image\/jpeg"}],"twitter_card":"summary_large_image","schema":{"@context":"https:\/\/schema.org","@graph":[{"@type":"WebPage","@id":"https:\/\/agenda.cymru\/cy\/cyswllt\/","url":"https:\/\/agenda.cymru\/cy\/cyswllt\/","name":"Cyswllt - Agenda","isPartOf":{"@id":"https:\/\/agenda.cymru\/cy\/#website"},"primaryImageOfPage":{"@id":"https:\/\/agenda.cymru\/cy\/cyswllt\/#primaryimage"},"image":{"@id":"https:\/\/agenda.cymru\/cy\/cyswllt\/#primaryimage"},"thumbnailUrl":"https:\/\/agenda.cymru\/wp-content\/uploads\/2026\/01\/healthy-travel-hero.jpg","datePublished":"2025-12-09T14:43:13+00:00","dateModified":"2026-03-26T08:34:14+00:00","description":"Byddem wrth ein bodd yn clywed gennych. Cysylltwch \u00e2'n t\u00eem cyfeillgar a byddwn yn cysylltu'n \u00f4l \u00e2 chi cyn gynted \u00e2 phosibl.","breadcrumb":{"@id":"https:\/\/agenda.cymru\/cy\/cyswllt\/#breadcrumb"},"inLanguage":"cy-GB","potentialAction":[{"@type":"ReadAction","target":["https:\/\/agenda.cymru\/cy\/cyswllt\/"]}]},{"@type":"ImageObject","inLanguage":"cy-GB","@id":"https:\/\/agenda.cymru\/cy\/cyswllt\/#primaryimage","url":"https:\/\/agenda.cymru\/wp-content\/uploads\/2026\/01\/healthy-travel-hero.jpg","contentUrl":"https:\/\/agenda.cymru\/wp-content\/uploads\/2026\/01\/healthy-travel-hero.jpg","width":2000,"height":1205,"caption":"Mae gr\u0175p o wyth o bobl yn sefyll dan do, rhai yn dal tystysgrif fawr. Mae baneri hyrwyddo a bwrdd gyda phapurau i'w gweld yn y cefndir."},{"@type":"BreadcrumbList","@id":"https:\/\/agenda.cymru\/cy\/cyswllt\/#breadcrumb","itemListElement":[{"@type":"ListItem","position":1,"name":"Home","item":"https:\/\/agenda.cymru\/cy\/cartref\/"},{"@type":"ListItem","position":2,"name":"Cyswllt"}]},{"@type":"WebSite","@id":"https:\/\/agenda.cymru\/cy\/#website","url":"https:\/\/agenda.cymru\/cy\/","name":"Agenda","description":"","publisher":{"@id":"https:\/\/agenda.cymru\/cy\/#organization"},"potentialAction":[{"@type":"SearchAction","target":{"@type":"EntryPoint","urlTemplate":"https:\/\/agenda.cymru\/cy\/?s={search_term_string}"},"query-input":{"@type":"PropertyValueSpecification","valueRequired":true,"valueName":"search_term_string"}}],"inLanguage":"cy-GB"},{"@type":"Organization","@id":"https:\/\/agenda.cymru\/cy\/#organization","name":"Agenda","url":"https:\/\/agenda.cymru\/cy\/","logo":{"@type":"ImageObject","inLanguage":"cy-GB","@id":"https:\/\/agenda.cymru\/cy\/#\/schema\/logo\/image\/","url":"https:\/\/agenda.cymru\/wp-content\/uploads\/2026\/01\/Logo-scaled.png","contentUrl":"https:\/\/agenda.cymru\/wp-content\/uploads\/2026\/01\/Logo-scaled.png","width":2560,"height":2560,"caption":"Agenda"},"image":{"@id":"https:\/\/agenda.cymru\/cy\/#\/schema\/logo\/image\/"}}]}},"_links":{"self":[{"href":"https:\/\/agenda.cymru\/cy\/wp-json\/wp\/v2\/pages\/1133","targetHints":{"allow":["GET"]}}],"collection":[{"href":"https:\/\/agenda.cymru\/cy\/wp-json\/wp\/v2\/pages"}],"about":[{"href":"https:\/\/agenda.cymru\/cy\/wp-json\/wp\/v2\/types\/page"}],"author":[{"embeddable":true,"href":"https:\/\/agenda.cymru\/cy\/wp-json\/wp\/v2\/users\/1"}],"replies":[{"embeddable":true,"href":"https:\/\/agenda.cymru\/cy\/wp-json\/wp\/v2\/comments?post=1133"}],"version-history":[{"count":1,"href":"https:\/\/agenda.cymru\/cy\/wp-json\/wp\/v2\/pages\/1133\/revisions"}],"predecessor-version":[{"id":1149,"href":"https:\/\/agenda.cymru\/cy\/wp-json\/wp\/v2\/pages\/1133\/revisions\/1149"}],"wp:featuredmedia":[{"embeddable":true,"href":"https:\/\/agenda.cymru\/cy\/wp-json\/wp\/v2\/media\/581"}],"wp:attachment":[{"href":"https:\/\/agenda.cymru\/cy\/wp-json\/wp\/v2\/media?parent=1133"}],"curies":[{"name":"wp","href":"https:\/\/api.w.org\/{rel}","templated":true}]}}